{"id":5434,"date":"2023-03-13T12:00:38","date_gmt":"2023-03-13T11:00:38","guid":{"rendered":"https:\/\/scanbet.com.pl\/polityka-cookies\/"},"modified":"2023-03-30T09:14:28","modified_gmt":"2023-03-30T08:14:28","slug":"cookies-politik","status":"publish","type":"page","link":"https:\/\/scanbet.com.pl\/de\/cookies-politik\/","title":{"rendered":"Cookies-Politik"},"content":{"rendered":"<div id=\"block_8ef86595174fbdc7ac4f358eb2f75527\" class=\"alignfull relative blocks-container l-block\">\n  \n  \n      <div class=\"container\">\n      \n\n      <div id=\"block_4909db704e2ab10dafe16417ec6a2259\" class=\"b-row row l-block\">\n  \n  \n  \n  \n\n      <div id=\"block_70af73eae7923b8af9cbd4158b8c19d4\" class=\"b-column col-lg-9  l-block\">\n  \n  \n\n\n      <div id=\"block_4eb52ccafe316648f8b4babc82851647\" class=\"text-size-default alignfull text-start l-block\">\n  \n  \n      <p>Niniejsza Polityka Cookies dotyczy domeny internetowej scanbet.com.pl (dalej zwanej \u201eSerwisem\u201d) prowadzonej przez Przedsi\u0119biorstwo Budowlano-Monta\u017cowe SCANBET sp\u00f3\u0142ka z ograniczon\u0105 odpowiedzialno\u015bci\u0105 z siedzib\u0105 w Chociwlu, ul. Fabryczna 1, 73-120 Chociwel, wpisanej do rejestru przedsi\u0119biorc\u00f3w pod numerem KRS: 148193, kt\u00f3rej akta rejestrowe s\u0105 przechowywane przez S\u0105d Rejonowy Szczecin-Centrum w Szczecinie XIII Wydzia\u0142 Gospodarczy Krajowego Rejestru S\u0105dowego, NIP:&nbsp;9551264828, REGON: 810907859, kapita\u0142 zak\u0142adowy: 200.880,00 z\u0142 (dalej zwan\u0105 \u201eAdministratorem\u201d). Dane kontaktowe: tel. 091&nbsp;578 82 50, e-mail:&nbsp;<a href=\"mailto:biuro@scanbet.com.pl\">biuro@scanbet.com.pl<\/a><\/p>\n<h3><\/h3>\n<h3>1.&nbsp;&nbsp;&nbsp;&nbsp;&nbsp;&nbsp;Czym s\u0105 pliki Cookies<\/h3>\n<p>Pliki Cookies (ciasteczka) s\u0105 to niewielkie informacje tekstowe w postaci plik\u00f3w tekstowych, wysy\u0142ane przez serwer i zapisywane po stronie u\u017cytkownika odwiedzaj\u0105cego Serwis (dalej \u201eU\u017cytkownik\u201d) m.in. na dysku twardym komputera, laptopa, czy te\u017c na karcie pami\u0119ci smartfona \u2013 w zale\u017cno\u015bci z jakiego urz\u0105dzenia korzysta U\u017cytkownik.<\/p>\n<h3><\/h3>\n<h3>2.&nbsp;&nbsp;&nbsp;&nbsp;&nbsp;&nbsp;W jakim celu u\u017cywamy pliki Cookies<\/h3>\n<p>Pliki Cookies to przede wszystkim przydatne i bezpieczne narz\u0119dzie, kt\u00f3re u\u0142atwia U\u017cytkownikowi przegl\u0105danie Serwisu oraz korzystanie z jego funkcjonalno\u015bci. Pliki Cookies podczas ponownej wizyty U\u017cytkownika w Serwisie umo\u017cliwiaj\u0105 rozpoznanie urz\u0105dzenia oraz dostosowanie Serwisu do indywidualnych preferencji U\u017cytkownika. Umo\u017cliwiaj\u0105 r\u00f3wnie\u017c przygotowywanie statystyk odwiedzin Serwisu.<\/p>\n<p>Pliki Cookies u\u017cywane przez Serwis s\u0105 bezpieczne i nie powoduj\u0105 zmian konfiguracyjnych \u2028w urz\u0105dzeniach U\u017cytkownika ani w oprogramowaniu zainstalowanym w tych urz\u0105dzeniach. Mechanizm plik\u00f3w Cookies stosowany w Serwisie nie jest wykorzystywany do gromadzenia jakichkolwiek informacji o U\u017cytkownikach, ani \u015bledzeniu ich nawigacji. Pliki Cookies nie przechowuj\u0105 jakichkolwiek danych osobowych U\u017cytkownik\u00f3w, ani \u017cadnych informacji poufnych z urz\u0105dzenia U\u017cytkownika.<\/p>\n<p>Pliki Cookies u\u017cywamy w nast\u0119puj\u0105cych celach:<\/p>\n<p>&#8211; zapami\u0119tywania u\u0142o\u017cenia poszczeg\u00f3lnych element\u00f3w,<br>\n&#8211; zapami\u0119tywania danych z wype\u0142nianych formularzy,<br>\n&#8211; dostosowywania tre\u015bci oraz reklam do indywidualnych preferencji U\u017cytkownika,<br>\n&#8211; prowadzenia anonimowych statystyk przedstawiaj\u0105cych spos\u00f3b korzystania z Serwisu&nbsp;oraz badania potrzeb U\u017cytkownik\u00f3w, z wy\u0142\u0105czeniem personalnej identyfikacji U\u017cytkownika,<br>\n&#8211; poprawy funkcjonalno\u015bci Serwisu.<\/p>\n<h3><\/h3>\n<h3>3.&nbsp;&nbsp;&nbsp;&nbsp;&nbsp;&nbsp;Rodzaje plik\u00f3w Cookies, kt\u00f3rych u\u017cywamy<\/h3>\n<p>Odwiedzaj\u0105c nasz\u0105 stron\u0119 internetow\u0105 mo\u017cesz spotka\u0107 si\u0119 z nast\u0119puj\u0105cymi rodzajami plik\u00f3w Cookies:<\/p>\n<p>Trwa\u0142e (sta\u0142e) i tymczasowe (sesyjne)&nbsp;\u2013 w zale\u017cno\u015bci od czasu przez jaki s\u0105 one przechowywane na dysku twardym urz\u0105dzenia U\u017cytkownika (komputera, laptopa, czy te\u017c na karcie pami\u0119ci smartfona).<\/p>\n<p>&#8211; Pliki tymczasowe to pliki Cookies, kt\u00f3re przechowywane s\u0105 przez stosunkowo kr\u00f3tki okres czasu \u2013 usuwane s\u0105 w momencie opuszczenia strony internetowej lub zamkni\u0119cia przegl\u0105darki internetowej przez U\u017cytkownika. Pliki tymczasowe s\u0105 te\u017c z tego powodu cz\u0119sto okre\u015blone plikami sesyjnymi.<\/p>\n<p>&#8211; Pliki trwa\u0142e (nazywane r\u00f3wnie\u017c plikami sta\u0142ymi) to pliki Cookies, kt\u00f3re z regu\u0142y przechowywane s\u0105 przez okres d\u0142u\u017cszy ni\u017c w przypadku plik\u00f3w tymczasowych \u2013 okres ich przechowywania trwa przez czas okre\u015blony w parametrach danego pliku Cookies albo do momentu ich samodzielnego usuni\u0119cia przez U\u017cytkownika.<\/p>\n<p>W\u0142asne i zewn\u0119trzne&nbsp;\u2013 w zale\u017cno\u015bci od tego, czy dany plik Cookies pochodzi bezpo\u015brednio z Serwisu, czy te\u017c ze strony podmiotu trzeciego za po\u015brednictwem tej strony internetowej (np. w wypadku prowadzenia anonimowych statystyk przy wykorzystaniu Google Analytics, zamieszczeniu wtyczek z portali spo\u0142eczno\u015bciowych np. Facebook, Twitter lub Google+, zamieszczeniu element\u00f3w z innych stron np. Youtube, Vimeo). Zalecamy r\u00f3wnie\u017c zapoznanie si\u0119 z polityk\u0105 Cookies lub polityk\u0105 prywatno\u015bci danego podmiotu trzeciego.<\/p>\n<p>Informacj\u0119, czy dany plik Cookies jest trwa\u0142y, tymczasowy, w\u0142asny czy zewn\u0119trzny, a tak\u017ce termin jego przechowywania mo\u017cna tak\u017ce uzyska\u0107 korzystaj\u0105c z odpowiednich opcji w\u0142asnej przegl\u0105darki internetowej \u2013 w tym celu odsy\u0142amy do dzia\u0142u pomocy przegl\u0105darki internetowej.<\/p>\n<h3><\/h3>\n<h3>4.&nbsp;&nbsp;&nbsp;&nbsp;&nbsp;&nbsp;Zarz\u0105dzanie plikami Cookies, zgoda na ich u\u017cywanie<\/h3>\n<p>Standardowo wi\u0119kszo\u015b\u0107 przegl\u0105darek internetowych dost\u0119pnych na rynku domy\u015blnie akceptuje zapisywanie plik\u00f3w Cookies. U\u017cytkownik ma mo\u017cliwo\u015b\u0107 okre\u015blenia warunk\u00f3w korzystania z plik\u00f3w Cookies za pomoc\u0105 ustawie\u0144 w\u0142asnej przegl\u0105darki internetowej. Oznacza to, \u017ce mo\u017ce np. cz\u0119\u015bciowo ograniczy\u0107 (np. czasowo) lub ca\u0142kowicie wy\u0142\u0105czy\u0107 mo\u017cliwo\u015b\u0107 zapisywania plik\u00f3w Cookies na swoim urz\u0105dzeniu \u2013 w tym ostatnim wypadku jednak mo\u017ce to mie\u0107 wp\u0142yw na niekt\u00f3re funkcjonalno\u015bci Serwisu.<\/p>\n<p>Ustawienia przegl\u0105darki internetowej U\u017cytkownika w zakresie plik\u00f3w Cookies s\u0105 istotne \u2028z punktu widzenia zgody na korzystanie z plik\u00f3w Cookies przez nasz Serwis \u2013 zgodnie \u2028z przepisami taka zgoda mo\u017ce by\u0107 r\u00f3wnie\u017c wyra\u017cona poprzez ustawienia przegl\u0105darki internetowej.<\/p>\n<p>Szczeg\u00f3\u0142owe informacje na temat zmiany ustawie\u0144 dotycz\u0105cych plik\u00f3w Cookies oraz ich samodzielnego usuwania w najpopularniejszych przegl\u0105darkach internetowych dost\u0119pne s\u0105 w dziale pomocy przegl\u0105darki internetowej.<\/p>\n<p>Brak zmiany tych ustawie\u0144 w przegl\u0105darce oznacza akceptacj\u0119 dla stosowanych przez Serwis plik\u00f3w Cookies. U\u017cytkownik korzystaj\u0105c z Serwisu wyra\u017ca zgod\u0119 na ich wykorzystanie.<\/p>\n    \n<\/div>\n\n\n<\/div>\n\n\n\n<\/div>\n\n    <\/div>\n  \n<style>#block_8ef86595174fbdc7ac4f358eb2f75527 { padding-top: 40px; padding-bottom: 40px;  } @media (min-width: 768px) { #block_8ef86595174fbdc7ac4f358eb2f75527 { padding-top: 60px; padding-bottom: 60px;  }} @media (min-width: 992px) { #block_8ef86595174fbdc7ac4f358eb2f75527 { padding-top: 80px; padding-bottom: 80px;  }} @media (min-width: 1200px) { #block_8ef86595174fbdc7ac4f358eb2f75527 { padding-top: 90px; padding-bottom: 90px;  }} @media (min-width: 1500px) { #block_8ef86595174fbdc7ac4f358eb2f75527 { padding-top: 100px; padding-bottom: 100px;  }} <\/style><\/div>\n\n\n      <div id=\"block_2cb21a61f2dfa3a193c6267546fe0a5d\" class=\"b-contact alignfull l-block\">\n  \n  \n    <div class=\"b-contact__inner\">\n        <div class=\"container\">\n            <div class=\"row\">\n                <div class=\"col-lg-4\">\n                                            <h4>Angeboterstellung<\/h4>\n                                                                                            <div class=\"b-contact__info-box\">\n                                <ul class=\"flags\">\n                                    <li><noscript><img decoding=\"async\" src=\"https:\/\/scanbet.com.pl\/wp-content\/themes\/scanbet-theme\/assets\/img\/flags\/pl.svg\" class=\"pl-flag\" alt><\/noscript><img decoding=\"async\" src=\"data:image\/gif;base64,R0lGODlhAQABAIAAAAAAAP\/\/\/yH5BAEAAAAALAAAAAABAAEAAAIBRAA7\" class=\"pl-flag lazyload\" alt data-src=\"https:\/\/scanbet.com.pl\/wp-content\/themes\/scanbet-theme\/assets\/img\/flags\/pl.svg\"><\/li>\n                                <\/ul>\n                                <div class=\"info-box__content\">\n                                                                            <a href=\"tel:+48915788258\" target=\"_self\">+48 91 57 88 258<\/a><br>\n                                    \n                                                                            <a href=\"mailto:ofertowanie@scanbet.com.pl\" target=\"_self\">ofertowanie@scanbet.com.pl<\/a>\n                                                                    <\/div>\n                            <\/div>\n                                            \n                                                                        <div class=\"b-contact__info-box\">\n                                <ul class=\"flags\">\n                                    <li><noscript><img decoding=\"async\" src=\"https:\/\/scanbet.com.pl\/wp-content\/themes\/scanbet-theme\/assets\/img\/flags\/en.svg\" alt><\/noscript><img decoding=\"async\" src=\"data:image\/gif;base64,R0lGODlhAQABAIAAAAAAAP\/\/\/yH5BAEAAAAALAAAAAABAAEAAAIBRAA7\" alt data-src=\"https:\/\/scanbet.com.pl\/wp-content\/themes\/scanbet-theme\/assets\/img\/flags\/en.svg\" class=\" lazyload\"><\/li>\n                                    <li><noscript><img decoding=\"async\" src=\"https:\/\/scanbet.com.pl\/wp-content\/themes\/scanbet-theme\/assets\/img\/flags\/sv.svg\" alt><\/noscript><img decoding=\"async\" src=\"data:image\/gif;base64,R0lGODlhAQABAIAAAAAAAP\/\/\/yH5BAEAAAAALAAAAAABAAEAAAIBRAA7\" alt data-src=\"https:\/\/scanbet.com.pl\/wp-content\/themes\/scanbet-theme\/assets\/img\/flags\/sv.svg\" class=\" lazyload\"><\/li>\n                                    <li><noscript><img decoding=\"async\" src=\"https:\/\/scanbet.com.pl\/wp-content\/themes\/scanbet-theme\/assets\/img\/flags\/de.svg\" alt><\/noscript><img decoding=\"async\" src=\"data:image\/gif;base64,R0lGODlhAQABAIAAAAAAAP\/\/\/yH5BAEAAAAALAAAAAABAAEAAAIBRAA7\" alt data-src=\"https:\/\/scanbet.com.pl\/wp-content\/themes\/scanbet-theme\/assets\/img\/flags\/de.svg\" class=\" lazyload\"><\/li>\n                                <\/ul>\n                                <div class=\"info-box__content\">\n                                                                            <a href=\"tel:+48539936170\" target=\"_self\">+48 539 936 170<\/a><br>\n                                                                                                                <a href=\"mailto:sales@scanbet.com.pl\" target=\"_self\">sales@scanbet.com.pl<\/a>\n                                                                    <\/div>\n                            <\/div>\n                                                            <\/div>\n                <div class=\"col-lg-8\">\n                    <div class=\"b-contact__form\">\n                                                    <h4>Kontakt<\/h4>\n                                                \n<div class=\"wpcf7 no-js\" id=\"wpcf7-f5557-o1\" lang=\"en-US\" dir=\"ltr\">\n<div class=\"screen-reader-response\"><p role=\"status\" aria-live=\"polite\" aria-atomic=\"true\"><\/p> <ul><\/ul><\/div>\n<form action=\"\/de\/wp-json\/wp\/v2\/pages\/5434#wpcf7-f5557-o1\" method=\"post\" class=\"wpcf7-form init\" aria-label=\"Contact form\" enctype=\"multipart\/form-data\" novalidate=\"novalidate\" data-status=\"init\">\n<div style=\"display: none;\">\n<input type=\"hidden\" name=\"_wpcf7\" value=\"5557\">\n<input type=\"hidden\" name=\"_wpcf7_version\" value=\"5.7.7\">\n<input type=\"hidden\" name=\"_wpcf7_locale\" value=\"en_US\">\n<input type=\"hidden\" name=\"_wpcf7_unit_tag\" value=\"wpcf7-f5557-o1\">\n<input type=\"hidden\" name=\"_wpcf7_container_post\" value=\"0\">\n<input type=\"hidden\" name=\"_wpcf7_posted_data_hash\" value>\n<input type=\"hidden\" name=\"_wpcf7_recaptcha_response\" value>\n<\/div>\n<div class=\"row\">\n\t<div class=\"col-md-6 col-12\">\n\t\t<div class=\"form-element\">\n\t\t\t<p><span class=\"wpcf7-form-control-wrap\" data-name=\"company-name\"><input size=\"40\" class=\"wpcf7-form-control wpcf7-text wpcf7-validates-as-required\" aria-required=\"true\" aria-invalid=\"false\" placeholder=\"Name der Firma *\" value type=\"text\" name=\"company-name\"><\/span>\n\t\t\t<\/p>\n\t\t<\/div>\n\t<\/div>\n\t<div class=\"col-md-6 col-12\">\n\t\t<div class=\"form-element\">\n\t\t\t<p><span class=\"wpcf7-form-control-wrap\" data-name=\"email-address\"><input size=\"40\" class=\"wpcf7-form-control wpcf7-text wpcf7-email wpcf7-validates-as-required wpcf7-validates-as-email\" aria-required=\"true\" aria-invalid=\"false\" placeholder=\"E-mail *\" value type=\"email\" name=\"email-address\"><\/span>\n\t\t\t<\/p>\n\t\t<\/div>\n\t<\/div>\n\t<div class=\"col-md-6 col-12\">\n\t\t<div class=\"form-element\">\n\t\t\t<p><span class=\"wpcf7-form-control-wrap\" data-name=\"phone-number\"><input size=\"40\" class=\"wpcf7-form-control wpcf7-text wpcf7-tel wpcf7-validates-as-tel\" aria-invalid=\"false\" placeholder=\"Telefon\" value type=\"tel\" name=\"phone-number\"><\/span>\n\t\t\t<\/p>\n\t\t<\/div>\n\t<\/div>\n\t<div class=\"col-md-6 col-12\">\n\t\t<div class=\"form-element\">\n\t\t\t<p><span class=\"wpcf7-form-control-wrap\" data-name=\"product-name\"><input size=\"40\" class=\"wpcf7-form-control wpcf7-text\" aria-invalid=\"false\" placeholder=\"Produkt\" value type=\"text\" name=\"product-name\"><\/span>\n\t\t\t<\/p>\n\t\t<\/div>\n\t<\/div>\n\t<div class=\"col-md-12 col-12\">\n\t\t<div class=\"form-element\">\n\t\t\t<p><span class=\"wpcf7-form-control-wrap\" data-name=\"message-content\"><textarea cols=\"40\" rows=\"10\" class=\"wpcf7-form-control wpcf7-textarea\" aria-invalid=\"false\" placeholder=\"Nachricht\" name=\"message-content\"><\/textarea><\/span>\n\t\t\t<\/p>\n\t\t<\/div>\n\t<\/div>\n\t<div class=\"col-md-12 col-12\">\n\t\t<div class=\"form-element\">\n\t\t\t<p><span class=\"wpcf7-form-control-wrap\" data-name=\"file-upload\"><input size=\"40\" class=\"wpcf7-form-control wpcf7-file file-upload\" accept=\"image\/jpeg,image\/gif,image\/png,.txt,application\/pdf\" aria-invalid=\"false\" type=\"file\" name=\"file-upload\"><\/span><br>\n<small>Maximale Dateigr\u00f6\u00dfe: 10 MB<\/small>\n\t\t\t<\/p>\n\t\t<\/div>\n\t<\/div>\n\t<div class=\"col-md-6 col-12\">\n\t\t<div class=\"form-element\">\n\t\t\t<p><span class=\"wpcf7-form-control-wrap\" data-name=\"equation-solve\"><label><span class=\"wpcf7-quiz-label\">L\u00f6se die Gleichung: 6 \/ 2 = ?<\/span> <input size=\"40\" class=\"wpcf7-form-control wpcf7-quiz\" autocomplete=\"off\" aria-required=\"true\" aria-invalid=\"false\" type=\"text\" name=\"equation-solve\"><\/label><input type=\"hidden\" name=\"_wpcf7_quiz_answer_equation-solve\" value=\"39c0d8ff313a69b58ef38c96e613ebb3\"><\/span>\n\t\t\t<\/p>\n\t\t<\/div>\n\t<\/div>\n\t<div class=\"col-md-6 col-12\">\n\t\t<div class=\"form-element\">\n\t\t\t<p><label>&nbsp;<\/label><br>\n\t\t\t<span class=\"wpcf7-form-control-wrap recaptcha\" data-name=\"recaptcha\"><span data-sitekey=\"6Lddv9kkAAAAAK_WxJCBNZcHigvEP7fBN7PajZ_t\" class=\"wpcf7-form-control g-recaptcha wpcf7-recaptcha\"><\/span>\n<\/span><\/p><noscript>\n\t<div class=\"grecaptcha-noscript\">\n\t\t<iframe src=\"https:\/\/www.google.com\/recaptcha\/api\/fallback?k=6Lddv9kkAAAAAK_WxJCBNZcHigvEP7fBN7PajZ_t\" frameborder=\"0\" scrolling=\"no\" width=\"310\" height=\"430\">\n\t\t<\/iframe>\n\t\t<textarea name=\"g-recaptcha-response\" rows=\"3\" cols=\"40\" placeholder=\"reCaptcha Response Here\">\n\t\t<\/textarea>\n\t<\/div>\n<\/noscript>\n\n\t\t\t\n\t\t<\/div>\n\t<\/div>\n\t<div class=\"col-md-12 col-12\">\n\t\t<p><span class=\"wpcf7-form-control-wrap\" data-name=\"privacy-policy\"><span class=\"wpcf7-form-control wpcf7-acceptance\"><span class=\"wpcf7-list-item\"><label><input type=\"checkbox\" name=\"privacy-policy\" value=\"1\" class=\"privacy-policy-checkbox\" aria-invalid=\"false\"><span class=\"wpcf7-list-item-label\">Ich bin mit der Verarbeitung meiner pers\u00f6nlichen Daten einverstanden und akzeptiere <a href=\"\/de\/datenschutzbestimmungen\/\" target=\"_blank\">die Datenschutzbestimmungen<\/a> <span class=\"required\">*<\/span><\/span><\/label><\/span><\/span><\/span><br>\n<input class=\"wpcf7-form-control has-spinner wpcf7-submit submit-btn\" type=\"submit\" value=\"Senden\">\n\t\t<\/p>\n\t<\/div>\n<\/div><p style=\"display: none !important;\"><label>&#916;<textarea name=\"_wpcf7_ak_hp_textarea\" cols=\"45\" rows=\"8\" maxlength=\"100\"><\/textarea><\/label><input type=\"hidden\" id=\"ak_js_1\" name=\"_wpcf7_ak_js\" value=\"21\"><script>document.getElementById( \"ak_js_1\" ).setAttribute( \"value\", ( new Date() ).getTime() );<\/script><\/p><input type=\"hidden\" class=\"wpcf7-pum\" value=\"{&quot;closepopup&quot;:false,&quot;closedelay&quot;:0,&quot;openpopup&quot;:false,&quot;openpopup_id&quot;:0}\"><div class=\"wpcf7-response-output\" aria-hidden=\"true\"><\/div>\n<\/form>\n<\/div>\n                    <\/div>\n                <\/div>\n            <\/div>\n        <\/div>\n    <\/div>\n<style>#block_2cb21a61f2dfa3a193c6267546fe0a5d { padding-top: 98px; padding-bottom: 66px; background-color: #f0f0f0;  } @media (min-width: 768px) { #block_2cb21a61f2dfa3a193c6267546fe0a5d { padding-top: 147px; padding-bottom: 99px;  }} @media (min-width: 992px) { #block_2cb21a61f2dfa3a193c6267546fe0a5d { padding-top: 196px; padding-bottom: 132px;  }} @media (min-width: 1200px) { #block_2cb21a61f2dfa3a193c6267546fe0a5d { padding-top: 220.5px; padding-bottom: 148.5px;  }} @media (min-width: 1500px) { #block_2cb21a61f2dfa3a193c6267546fe0a5d { padding-top: 245px; padding-bottom: 165px;  }} <\/style><\/div>","protected":false},"excerpt":{"rendered":"","protected":false},"author":1,"featured_media":0,"parent":0,"menu_order":0,"comment_status":"closed","ping_status":"closed","template":"","meta":{"_acf_changed":false,"footnotes":""},"class_list":["post-5434","page","type-page","status-publish",""],"acf":[],"yoast_head":"<!-- This site is optimized with the Yoast SEO plugin v20.9 - https:\/\/yoast.com\/wordpress\/plugins\/seo\/ -->\n<title>Cookies-Politik - Scanbet<\/title>\n<meta name=\"description\" content=\"Wir sind ein angesehener Hersteller von Betonfertigteilen. \u2705 Ma\u00dfgeschneiderte Bestellung. \u260e Rufen Sie uns an! +48 539 936 170. Balkone, Treppen, W\u00e4nde.\" \/>\n<meta name=\"robots\" content=\"noindex, nofollow\" \/>\n<meta property=\"og:locale\" content=\"de_DE\" \/>\n<meta property=\"og:type\" content=\"article\" \/>\n<meta property=\"og:title\" content=\"Cookies-Politik - Scanbet\" \/>\n<meta property=\"og:description\" content=\"Wir sind ein angesehener Hersteller von Betonfertigteilen. \u2705 Ma\u00dfgeschneiderte Bestellung. \u260e Rufen Sie uns an! +48 539 936 170. Balkone, Treppen, W\u00e4nde.\" \/>\n<meta property=\"og:url\" content=\"https:\/\/scanbet.com.pl\/de\/cookies-politik\/\" \/>\n<meta property=\"og:site_name\" content=\"SCANBET Sp\u00f3\u0142ka z o. o.\" \/>\n<meta property=\"article:publisher\" content=\"https:\/\/www.facebook.com\/Scanbet\" \/>\n<meta property=\"article:modified_time\" content=\"2023-03-30T08:14:28+00:00\" \/>\n<meta name=\"twitter:card\" content=\"summary_large_image\" \/>\n<script type=\"application\/ld+json\" class=\"yoast-schema-graph\">{\"@context\":\"https:\/\/schema.org\",\"@graph\":[{\"@type\":\"WebPage\",\"@id\":\"https:\/\/scanbet.com.pl\/de\/cookies-politik\/\",\"url\":\"https:\/\/scanbet.com.pl\/de\/cookies-politik\/\",\"name\":\"Cookies-Politik - Scanbet\",\"isPartOf\":{\"@id\":\"https:\/\/scanbet.com.pl\/de\/#website\"},\"datePublished\":\"2023-03-13T11:00:38+00:00\",\"dateModified\":\"2023-03-30T08:14:28+00:00\",\"description\":\"Wir sind ein angesehener Hersteller von Betonfertigteilen. \u2705 Ma\u00dfgeschneiderte Bestellung. \u260e Rufen Sie uns an! +48 539 936 170. Balkone, Treppen, W\u00e4nde.\",\"breadcrumb\":{\"@id\":\"https:\/\/scanbet.com.pl\/de\/cookies-politik\/#breadcrumb\"},\"inLanguage\":\"de\",\"potentialAction\":[{\"@type\":\"ReadAction\",\"target\":[\"https:\/\/scanbet.com.pl\/de\/cookies-politik\/\"]}]},{\"@type\":\"BreadcrumbList\",\"@id\":\"https:\/\/scanbet.com.pl\/de\/cookies-politik\/#breadcrumb\",\"itemListElement\":[{\"@type\":\"ListItem\",\"position\":1,\"name\":\"Startseite\",\"item\":\"https:\/\/scanbet.com.pl\/de\/\"},{\"@type\":\"ListItem\",\"position\":2,\"name\":\"Cookies-Politik\"}]},{\"@type\":\"WebSite\",\"@id\":\"https:\/\/scanbet.com.pl\/de\/#website\",\"url\":\"https:\/\/scanbet.com.pl\/de\/\",\"name\":\"SCANBET Sp\u00f3\u0142ka z o. o.\",\"description\":\"Producent Prefabrykat\u00f3w Betonowych\",\"potentialAction\":[{\"@type\":\"SearchAction\",\"target\":{\"@type\":\"EntryPoint\",\"urlTemplate\":\"https:\/\/scanbet.com.pl\/de\/?s={search_term_string}\"},\"query-input\":\"required name=search_term_string\"}],\"inLanguage\":\"de\"}]}<\/script>\n<!-- \/ Yoast SEO plugin. -->","yoast_head_json":{"title":"Cookies-Politik - Scanbet","description":"Wir sind ein angesehener Hersteller von Betonfertigteilen. \u2705 Ma\u00dfgeschneiderte Bestellung. \u260e Rufen Sie uns an! +48 539 936 170. Balkone, Treppen, W\u00e4nde.","robots":{"index":"noindex","follow":"nofollow"},"og_locale":"de_DE","og_type":"article","og_title":"Cookies-Politik - Scanbet","og_description":"Wir sind ein angesehener Hersteller von Betonfertigteilen. \u2705 Ma\u00dfgeschneiderte Bestellung. \u260e Rufen Sie uns an! +48 539 936 170. Balkone, Treppen, W\u00e4nde.","og_url":"https:\/\/scanbet.com.pl\/de\/cookies-politik\/","og_site_name":"SCANBET Sp\u00f3\u0142ka z o. o.","article_publisher":"https:\/\/www.facebook.com\/Scanbet","article_modified_time":"2023-03-30T08:14:28+00:00","twitter_card":"summary_large_image","schema":{"@context":"https:\/\/schema.org","@graph":[{"@type":"WebPage","@id":"https:\/\/scanbet.com.pl\/de\/cookies-politik\/","url":"https:\/\/scanbet.com.pl\/de\/cookies-politik\/","name":"Cookies-Politik - Scanbet","isPartOf":{"@id":"https:\/\/scanbet.com.pl\/de\/#website"},"datePublished":"2023-03-13T11:00:38+00:00","dateModified":"2023-03-30T08:14:28+00:00","description":"Wir sind ein angesehener Hersteller von Betonfertigteilen. \u2705 Ma\u00dfgeschneiderte Bestellung. \u260e Rufen Sie uns an! +48 539 936 170. Balkone, Treppen, W\u00e4nde.","breadcrumb":{"@id":"https:\/\/scanbet.com.pl\/de\/cookies-politik\/#breadcrumb"},"inLanguage":"de","potentialAction":[{"@type":"ReadAction","target":["https:\/\/scanbet.com.pl\/de\/cookies-politik\/"]}]},{"@type":"BreadcrumbList","@id":"https:\/\/scanbet.com.pl\/de\/cookies-politik\/#breadcrumb","itemListElement":[{"@type":"ListItem","position":1,"name":"Startseite","item":"https:\/\/scanbet.com.pl\/de\/"},{"@type":"ListItem","position":2,"name":"Cookies-Politik"}]},{"@type":"WebSite","@id":"https:\/\/scanbet.com.pl\/de\/#website","url":"https:\/\/scanbet.com.pl\/de\/","name":"SCANBET Sp\u00f3\u0142ka z o. o.","description":"Producent Prefabrykat\u00f3w Betonowych","potentialAction":[{"@type":"SearchAction","target":{"@type":"EntryPoint","urlTemplate":"https:\/\/scanbet.com.pl\/de\/?s={search_term_string}"},"query-input":"required name=search_term_string"}],"inLanguage":"de"}]}},"_links":{"self":[{"href":"https:\/\/scanbet.com.pl\/de\/wp-json\/wp\/v2\/pages\/5434","targetHints":{"allow":["GET"]}}],"collection":[{"href":"https:\/\/scanbet.com.pl\/de\/wp-json\/wp\/v2\/pages"}],"about":[{"href":"https:\/\/scanbet.com.pl\/de\/wp-json\/wp\/v2\/types\/page"}],"author":[{"embeddable":true,"href":"https:\/\/scanbet.com.pl\/de\/wp-json\/wp\/v2\/users\/1"}],"replies":[{"embeddable":true,"href":"https:\/\/scanbet.com.pl\/de\/wp-json\/wp\/v2\/comments?post=5434"}],"version-history":[{"count":1,"href":"https:\/\/scanbet.com.pl\/de\/wp-json\/wp\/v2\/pages\/5434\/revisions"}],"predecessor-version":[{"id":5438,"href":"https:\/\/scanbet.com.pl\/de\/wp-json\/wp\/v2\/pages\/5434\/revisions\/5438"}],"wp:attachment":[{"href":"https:\/\/scanbet.com.pl\/de\/wp-json\/wp\/v2\/media?parent=5434"}],"curies":[{"name":"wp","href":"https:\/\/api.w.org\/{rel}","templated":true}]}}