{"id":5445,"date":"2023-02-27T16:42:54","date_gmt":"2023-02-27T15:42:54","guid":{"rendered":"https:\/\/scanbet.com.pl\/owu\/"},"modified":"2023-03-30T09:56:31","modified_gmt":"2023-03-30T08:56:31","slug":"tc","status":"publish","type":"page","link":"https:\/\/scanbet.com.pl\/en\/tc\/","title":{"rendered":"T&amp;C"},"content":{"rendered":"<div id=\"block_ea8c54d13231f610a48fa41569126266\" class=\"alignfull relative blocks-container l-block\">\n  \n  \n      <div class=\"container\">\n      \n\n      <div id=\"block_54d3127836b3edcccfaa0d6d5899410e\" class=\"b-row row l-block\">\n  \n  \n  \n  \n\n      <div id=\"block_1655eac1430c7bf3cd683d072a3ec0b8\" class=\"b-column col-lg-9  l-block\">\n  \n  \n\n\n      <div id=\"block_ffe231ed5621ca1fdb29b145b734ca1b\" class=\"text-size-default alignfull text-start l-block\">\n  \n  \n      <h3>Niniejsze og\u00f3lne warunki um\u00f3w (OWU) stosowane s\u0105 we wszelkich umowach zawieranych z Przedsi\u0119biorstwem Budowlano-Monta\u017cowym \u201eSCANBET\u201d<\/h3>\n<p>sp\u00f3\u0142ka z o. o. (dalej przywo\u0142ywan\u0105 jako SCANBET lub Sprzedawca) z siedzib\u0105 w Chociwlu, ul. Fabryczna 1, 72-130 Chociwel, akta rejestrowe przechowuje S\u0105d Rejonowy Szczecin-Centrum w Szczecinie pod numerem KRS nr 0000148193, NIP 955-12-64-828, kapita\u0142 zak\u0142adowy 200.880 z\u0142.<\/p>\n<p>Zmiany obowi\u0105zuj\u0105 Kupuj\u0105cego od dnia dor\u0119czenia ich Kupuj\u0105cemu lub od dnia opublikowania ich na stronie internetowej SCANBET \u2013 www.scanbet.com.pl (w zale\u017cno\u015bci co nast\u0105pi\u0142o wcze\u015bniej). Zmienione OWU maj\u0105 zastosowanie do zam\u00f3wie\u0144 z\u0142o\u017conych przez Kupuj\u0105cego po dacie dor\u0119czenia mu zmienionych OWU lub od dnia opublikowania ich co nast\u0105pi\u0142o wcze\u015bniej.<\/p>\n    \n<\/div><style>#block_ffe231ed5621ca1fdb29b145b734ca1b { margin-bottom: 22.4px;  } @media (min-width: 768px) { #block_ffe231ed5621ca1fdb29b145b734ca1b { margin-bottom: 33.6px;  }} @media (min-width: 992px) { #block_ffe231ed5621ca1fdb29b145b734ca1b { margin-bottom: 44.8px;  }} @media (min-width: 1200px) { #block_ffe231ed5621ca1fdb29b145b734ca1b { margin-bottom: 50.4px;  }} @media (min-width: 1500px) { #block_ffe231ed5621ca1fdb29b145b734ca1b { margin-bottom: 56px;  }} <\/style>\n\n\n      <div id=\"block_ca1dd8e511b69c12d5f374a6a3fa89da\" class=\"default-block-spacing text-start  alignfull l-block\">\n  \n  \n                            <a href=\"\/wp-content\/uploads\/2023\/03\/01_2023_scanbet_owu.pdf\" class=\"c-btn c-btn--dark me-2 mb-2 mb-md-0\" target=\"_blank\">\n          Plik do pobrania (OWU)        <\/a>\n                      <a href=\"\/wp-content\/uploads\/2023\/03\/01_2023_scanbet_warunki_techniczne.pdf\" class=\"c-btn c-btn--outline-gray me-2 mb-2 mb-md-0\" target=\"_blank\">\n          Plik do pobrania (warunki techniczne)        <\/a>\n            \n<\/div>\n\n\n<\/div>\n\n\n\n<\/div>\n\n    <\/div>\n  \n<style>#block_ea8c54d13231f610a48fa41569126266 { padding-top: 40px; padding-bottom: 40px;  } @media (min-width: 768px) { #block_ea8c54d13231f610a48fa41569126266 { padding-top: 60px; padding-bottom: 60px;  }} @media (min-width: 992px) { #block_ea8c54d13231f610a48fa41569126266 { padding-top: 80px; padding-bottom: 80px;  }} @media (min-width: 1200px) { #block_ea8c54d13231f610a48fa41569126266 { padding-top: 90px; padding-bottom: 90px;  }} @media (min-width: 1500px) { #block_ea8c54d13231f610a48fa41569126266 { padding-top: 100px; padding-bottom: 100px;  }} <\/style><\/div>\n\n\n      <div id=\"block_1b0d9f1076cdb3461c06c96791468571\" class=\"b-contact alignfull l-block\">\n  \n  \n    <div class=\"b-contact__inner\">\n        <div class=\"container\">\n            <div class=\"row\">\n                <div class=\"col-lg-4\">\n                                            <h4>Quoting<\/h4>\n                                                                                            <div class=\"b-contact__info-box\">\n                                <ul class=\"flags\">\n                                    <li><noscript><img decoding=\"async\" src=\"https:\/\/scanbet.com.pl\/wp-content\/themes\/scanbet-theme\/assets\/img\/flags\/pl.svg\" class=\"pl-flag\" alt><\/noscript><img decoding=\"async\" src=\"data:image\/gif;base64,R0lGODlhAQABAIAAAAAAAP\/\/\/yH5BAEAAAAALAAAAAABAAEAAAIBRAA7\" class=\"pl-flag lazyload\" alt data-src=\"https:\/\/scanbet.com.pl\/wp-content\/themes\/scanbet-theme\/assets\/img\/flags\/pl.svg\"><\/li>\n                                <\/ul>\n                                <div class=\"info-box__content\">\n                                                                            <a href=\"tel:+48915788258\" target=\"_self\">+48 91 57 88 258<\/a><br>\n                                    \n                                                                            <a href=\"mailto:ofertowanie@scanbet.com.pl\" target=\"_self\">ofertowanie@scanbet.com.pl<\/a>\n                                                                    <\/div>\n                            <\/div>\n                                            \n                                                                        <div class=\"b-contact__info-box\">\n                                <ul class=\"flags\">\n                                    <li><noscript><img decoding=\"async\" src=\"https:\/\/scanbet.com.pl\/wp-content\/themes\/scanbet-theme\/assets\/img\/flags\/en.svg\" alt><\/noscript><img decoding=\"async\" src=\"data:image\/gif;base64,R0lGODlhAQABAIAAAAAAAP\/\/\/yH5BAEAAAAALAAAAAABAAEAAAIBRAA7\" alt data-src=\"https:\/\/scanbet.com.pl\/wp-content\/themes\/scanbet-theme\/assets\/img\/flags\/en.svg\" class=\" lazyload\"><\/li>\n                                    <li><noscript><img decoding=\"async\" src=\"https:\/\/scanbet.com.pl\/wp-content\/themes\/scanbet-theme\/assets\/img\/flags\/sv.svg\" alt><\/noscript><img decoding=\"async\" src=\"data:image\/gif;base64,R0lGODlhAQABAIAAAAAAAP\/\/\/yH5BAEAAAAALAAAAAABAAEAAAIBRAA7\" alt data-src=\"https:\/\/scanbet.com.pl\/wp-content\/themes\/scanbet-theme\/assets\/img\/flags\/sv.svg\" class=\" lazyload\"><\/li>\n                                    <li><noscript><img decoding=\"async\" src=\"https:\/\/scanbet.com.pl\/wp-content\/themes\/scanbet-theme\/assets\/img\/flags\/de.svg\" alt><\/noscript><img decoding=\"async\" src=\"data:image\/gif;base64,R0lGODlhAQABAIAAAAAAAP\/\/\/yH5BAEAAAAALAAAAAABAAEAAAIBRAA7\" alt data-src=\"https:\/\/scanbet.com.pl\/wp-content\/themes\/scanbet-theme\/assets\/img\/flags\/de.svg\" class=\" lazyload\"><\/li>\n                                <\/ul>\n                                <div class=\"info-box__content\">\n                                                                            <a href=\"tel:+48539936170\" target=\"_self\">+48 539 936 170<\/a><br>\n                                                                                                                <a href=\"mailto:sales@scanbet.com.pl\" target=\"_self\">sales@scanbet.com.pl<\/a>\n                                                                    <\/div>\n                            <\/div>\n                                                            <\/div>\n                <div class=\"col-lg-8\">\n                    <div class=\"b-contact__form\">\n                                                    <h4>Contact<\/h4>\n                                                \n<div class=\"wpcf7 no-js\" id=\"wpcf7-f5556-o1\" lang=\"en-US\" dir=\"ltr\">\n<div class=\"screen-reader-response\"><p role=\"status\" aria-live=\"polite\" aria-atomic=\"true\"><\/p> <ul><\/ul><\/div>\n<form action=\"\/en\/wp-json\/wp\/v2\/pages\/5445#wpcf7-f5556-o1\" method=\"post\" class=\"wpcf7-form init\" aria-label=\"Contact form\" enctype=\"multipart\/form-data\" novalidate=\"novalidate\" data-status=\"init\">\n<div style=\"display: none;\">\n<input type=\"hidden\" name=\"_wpcf7\" value=\"5556\">\n<input type=\"hidden\" name=\"_wpcf7_version\" value=\"5.7.7\">\n<input type=\"hidden\" name=\"_wpcf7_locale\" value=\"en_US\">\n<input type=\"hidden\" name=\"_wpcf7_unit_tag\" value=\"wpcf7-f5556-o1\">\n<input type=\"hidden\" name=\"_wpcf7_container_post\" value=\"0\">\n<input type=\"hidden\" name=\"_wpcf7_posted_data_hash\" value>\n<input type=\"hidden\" name=\"_wpcf7_recaptcha_response\" value>\n<\/div>\n<div class=\"row\">\n\t<div class=\"col-md-6 col-12\">\n\t\t<div class=\"form-element\">\n\t\t\t<p><span class=\"wpcf7-form-control-wrap\" data-name=\"company-name\"><input size=\"40\" class=\"wpcf7-form-control wpcf7-text wpcf7-validates-as-required\" aria-required=\"true\" aria-invalid=\"false\" placeholder=\"Company name *\" value type=\"text\" name=\"company-name\"><\/span>\n\t\t\t<\/p>\n\t\t<\/div>\n\t<\/div>\n\t<div class=\"col-md-6 col-12\">\n\t\t<div class=\"form-element\">\n\t\t\t<p><span class=\"wpcf7-form-control-wrap\" data-name=\"email-address\"><input size=\"40\" class=\"wpcf7-form-control wpcf7-text wpcf7-email wpcf7-validates-as-required wpcf7-validates-as-email\" aria-required=\"true\" aria-invalid=\"false\" placeholder=\"E-mail *\" value type=\"email\" name=\"email-address\"><\/span>\n\t\t\t<\/p>\n\t\t<\/div>\n\t<\/div>\n\t<div class=\"col-md-6 col-12\">\n\t\t<div class=\"form-element\">\n\t\t\t<p><span class=\"wpcf7-form-control-wrap\" data-name=\"phone-number\"><input size=\"40\" class=\"wpcf7-form-control wpcf7-text wpcf7-tel wpcf7-validates-as-tel\" aria-invalid=\"false\" placeholder=\"Phone\" value type=\"tel\" name=\"phone-number\"><\/span>\n\t\t\t<\/p>\n\t\t<\/div>\n\t<\/div>\n\t<div class=\"col-md-6 col-12\">\n\t\t<div class=\"form-element\">\n\t\t\t<p><span class=\"wpcf7-form-control-wrap\" data-name=\"product-name\"><input size=\"40\" class=\"wpcf7-form-control wpcf7-text\" aria-invalid=\"false\" placeholder=\"Product\" value type=\"text\" name=\"product-name\"><\/span>\n\t\t\t<\/p>\n\t\t<\/div>\n\t<\/div>\n\t<div class=\"col-md-12 col-12\">\n\t\t<div class=\"form-element\">\n\t\t\t<p><span class=\"wpcf7-form-control-wrap\" data-name=\"message-content\"><textarea cols=\"40\" rows=\"10\" class=\"wpcf7-form-control wpcf7-textarea\" aria-invalid=\"false\" placeholder=\"Message\" name=\"message-content\"><\/textarea><\/span>\n\t\t\t<\/p>\n\t\t<\/div>\n\t<\/div>\n\t<div class=\"col-md-12 col-12\">\n\t\t<div class=\"form-element\">\n\t\t\t<p><span class=\"wpcf7-form-control-wrap\" data-name=\"file-upload\"><input size=\"40\" class=\"wpcf7-form-control wpcf7-file file-upload\" accept=\"image\/jpeg,image\/gif,image\/png,.txt,application\/pdf\" aria-invalid=\"false\" type=\"file\" name=\"file-upload\"><\/span><br>\n<small>Maximum file size: 10MB<\/small>\n\t\t\t<\/p>\n\t\t<\/div>\n\t<\/div>\n\t<div class=\"col-md-6 col-12\">\n\t\t<div class=\"form-element\">\n\t\t\t<p><span class=\"wpcf7-form-control-wrap\" data-name=\"equation-solve\"><label><span class=\"wpcf7-quiz-label\">Solve the equation: 15 &#8211; 8 = ?<\/span> <input size=\"40\" class=\"wpcf7-form-control wpcf7-quiz\" autocomplete=\"off\" aria-required=\"true\" aria-invalid=\"false\" type=\"text\" name=\"equation-solve\"><\/label><input type=\"hidden\" name=\"_wpcf7_quiz_answer_equation-solve\" value=\"0e142aa2cdd8d27845b36f76765f1711\"><\/span>\n\t\t\t<\/p>\n\t\t<\/div>\n\t<\/div>\n\t<div class=\"col-md-6 col-12\">\n\t\t<div class=\"form-element\">\n\t\t\t<p><label>&nbsp;<\/label><br>\n\t\t\t<span class=\"wpcf7-form-control-wrap recaptcha\" data-name=\"recaptcha\"><span data-sitekey=\"6Lddv9kkAAAAAK_WxJCBNZcHigvEP7fBN7PajZ_t\" class=\"wpcf7-form-control g-recaptcha wpcf7-recaptcha\"><\/span>\n<\/span><\/p><noscript>\n\t<div class=\"grecaptcha-noscript\">\n\t\t<iframe src=\"https:\/\/www.google.com\/recaptcha\/api\/fallback?k=6Lddv9kkAAAAAK_WxJCBNZcHigvEP7fBN7PajZ_t\" frameborder=\"0\" scrolling=\"no\" width=\"310\" height=\"430\">\n\t\t<\/iframe>\n\t\t<textarea name=\"g-recaptcha-response\" rows=\"3\" cols=\"40\" placeholder=\"reCaptcha Response Here\">\n\t\t<\/textarea>\n\t<\/div>\n<\/noscript>\n\n\t\t\t\n\t\t<\/div>\n\t<\/div>\n\t<div class=\"col-md-12 col-12\">\n\t\t<p><span class=\"wpcf7-form-control-wrap\" data-name=\"privacy-policy\"><span class=\"wpcf7-form-control wpcf7-acceptance\"><span class=\"wpcf7-list-item\"><label><input type=\"checkbox\" name=\"privacy-policy\" value=\"1\" class=\"privacy-policy-checkbox\" aria-invalid=\"false\"><span class=\"wpcf7-list-item-label\">I consent to the processing of my personal data, and I accept the <a href=\"\/en\/privacy-policy\/\" target=\"_blank\">Privacy Policy<\/a> <span class=\"required\">*<\/span><\/span><\/label><\/span><\/span><\/span><br>\n<input class=\"wpcf7-form-control has-spinner wpcf7-submit submit-btn\" type=\"submit\" value=\"Send\">\n\t\t<\/p>\n\t<\/div>\n<\/div><p style=\"display: none !important;\"><label>&#916;<textarea name=\"_wpcf7_ak_hp_textarea\" cols=\"45\" rows=\"8\" maxlength=\"100\"><\/textarea><\/label><input type=\"hidden\" id=\"ak_js_1\" name=\"_wpcf7_ak_js\" value=\"15\"><script>document.getElementById( \"ak_js_1\" ).setAttribute( \"value\", ( new Date() ).getTime() );<\/script><\/p><input type=\"hidden\" class=\"wpcf7-pum\" value=\"{&quot;closepopup&quot;:false,&quot;closedelay&quot;:0,&quot;openpopup&quot;:false,&quot;openpopup_id&quot;:0}\"><div class=\"wpcf7-response-output\" aria-hidden=\"true\"><\/div>\n<\/form>\n<\/div>\n                    <\/div>\n                <\/div>\n            <\/div>\n        <\/div>\n    <\/div>\n<style>#block_1b0d9f1076cdb3461c06c96791468571 { padding-top: 98px; padding-bottom: 66px; background-color: #f0f0f0;  } @media (min-width: 768px) { #block_1b0d9f1076cdb3461c06c96791468571 { padding-top: 147px; padding-bottom: 99px;  }} @media (min-width: 992px) { #block_1b0d9f1076cdb3461c06c96791468571 { padding-top: 196px; padding-bottom: 132px;  }} @media (min-width: 1200px) { #block_1b0d9f1076cdb3461c06c96791468571 { padding-top: 220.5px; padding-bottom: 148.5px;  }} @media (min-width: 1500px) { #block_1b0d9f1076cdb3461c06c96791468571 { padding-top: 245px; padding-bottom: 165px;  }} <\/style><\/div>","protected":false},"excerpt":{"rendered":"","protected":false},"author":1,"featured_media":0,"parent":0,"menu_order":0,"comment_status":"closed","ping_status":"closed","template":"","meta":{"_acf_changed":false,"footnotes":""},"class_list":["post-5445","page","type-page","status-publish",""],"acf":[],"yoast_head":"<!-- This site is optimized with the Yoast SEO plugin v20.9 - https:\/\/yoast.com\/wordpress\/plugins\/seo\/ -->\n<title>T&amp;C - Scanbet<\/title>\n<meta name=\"description\" content=\"We are a recognised manufacturer of precast concrete items. \u2705 Upon request. \u260e Call us! +48 539 936 170. Balconies, Staircases, Walls.\" \/>\n<meta name=\"robots\" content=\"noindex, nofollow\" \/>\n<meta property=\"og:locale\" content=\"en_US\" \/>\n<meta property=\"og:type\" content=\"article\" \/>\n<meta property=\"og:title\" content=\"T&amp;C - Scanbet\" \/>\n<meta property=\"og:description\" content=\"We are a recognised manufacturer of precast concrete items. \u2705 Upon request. \u260e Call us! +48 539 936 170. Balconies, Staircases, Walls.\" \/>\n<meta property=\"og:url\" content=\"https:\/\/scanbet.com.pl\/en\/tc\/\" \/>\n<meta property=\"og:site_name\" content=\"SCANBET Sp\u00f3\u0142ka z o. o.\" \/>\n<meta property=\"article:publisher\" content=\"https:\/\/www.facebook.com\/Scanbet\" \/>\n<meta property=\"article:modified_time\" content=\"2023-03-30T08:56:31+00:00\" \/>\n<meta name=\"twitter:card\" content=\"summary_large_image\" \/>\n<script type=\"application\/ld+json\" class=\"yoast-schema-graph\">{\"@context\":\"https:\/\/schema.org\",\"@graph\":[{\"@type\":\"WebPage\",\"@id\":\"https:\/\/scanbet.com.pl\/en\/tc\/\",\"url\":\"https:\/\/scanbet.com.pl\/en\/tc\/\",\"name\":\"T&C - Scanbet\",\"isPartOf\":{\"@id\":\"https:\/\/scanbet.com.pl\/en\/#website\"},\"datePublished\":\"2023-02-27T15:42:54+00:00\",\"dateModified\":\"2023-03-30T08:56:31+00:00\",\"description\":\"We are a recognised manufacturer of precast concrete items. \u2705 Upon request. \u260e Call us! +48 539 936 170. Balconies, Staircases, Walls.\",\"breadcrumb\":{\"@id\":\"https:\/\/scanbet.com.pl\/en\/tc\/#breadcrumb\"},\"inLanguage\":\"en-US\",\"potentialAction\":[{\"@type\":\"ReadAction\",\"target\":[\"https:\/\/scanbet.com.pl\/en\/tc\/\"]}]},{\"@type\":\"BreadcrumbList\",\"@id\":\"https:\/\/scanbet.com.pl\/en\/tc\/#breadcrumb\",\"itemListElement\":[{\"@type\":\"ListItem\",\"position\":1,\"name\":\"Home\",\"item\":\"https:\/\/scanbet.com.pl\/en\/\"},{\"@type\":\"ListItem\",\"position\":2,\"name\":\"T&amp;C\"}]},{\"@type\":\"WebSite\",\"@id\":\"https:\/\/scanbet.com.pl\/en\/#website\",\"url\":\"https:\/\/scanbet.com.pl\/en\/\",\"name\":\"SCANBET Sp\u00f3\u0142ka z o. o.\",\"description\":\"Przedsi\u0119biorstwo Budowlano-Monta\u017cowe\",\"potentialAction\":[{\"@type\":\"SearchAction\",\"target\":{\"@type\":\"EntryPoint\",\"urlTemplate\":\"https:\/\/scanbet.com.pl\/en\/?s={search_term_string}\"},\"query-input\":\"required name=search_term_string\"}],\"inLanguage\":\"en-US\"}]}<\/script>\n<!-- \/ Yoast SEO plugin. -->","yoast_head_json":{"title":"T&C - Scanbet","description":"We are a recognised manufacturer of precast concrete items. \u2705 Upon request. \u260e Call us! +48 539 936 170. Balconies, Staircases, Walls.","robots":{"index":"noindex","follow":"nofollow"},"og_locale":"en_US","og_type":"article","og_title":"T&C - Scanbet","og_description":"We are a recognised manufacturer of precast concrete items. \u2705 Upon request. \u260e Call us! +48 539 936 170. Balconies, Staircases, Walls.","og_url":"https:\/\/scanbet.com.pl\/en\/tc\/","og_site_name":"SCANBET Sp\u00f3\u0142ka z o. o.","article_publisher":"https:\/\/www.facebook.com\/Scanbet","article_modified_time":"2023-03-30T08:56:31+00:00","twitter_card":"summary_large_image","schema":{"@context":"https:\/\/schema.org","@graph":[{"@type":"WebPage","@id":"https:\/\/scanbet.com.pl\/en\/tc\/","url":"https:\/\/scanbet.com.pl\/en\/tc\/","name":"T&C - Scanbet","isPartOf":{"@id":"https:\/\/scanbet.com.pl\/en\/#website"},"datePublished":"2023-02-27T15:42:54+00:00","dateModified":"2023-03-30T08:56:31+00:00","description":"We are a recognised manufacturer of precast concrete items. \u2705 Upon request. \u260e Call us! +48 539 936 170. Balconies, Staircases, Walls.","breadcrumb":{"@id":"https:\/\/scanbet.com.pl\/en\/tc\/#breadcrumb"},"inLanguage":"en-US","potentialAction":[{"@type":"ReadAction","target":["https:\/\/scanbet.com.pl\/en\/tc\/"]}]},{"@type":"BreadcrumbList","@id":"https:\/\/scanbet.com.pl\/en\/tc\/#breadcrumb","itemListElement":[{"@type":"ListItem","position":1,"name":"Home","item":"https:\/\/scanbet.com.pl\/en\/"},{"@type":"ListItem","position":2,"name":"T&amp;C"}]},{"@type":"WebSite","@id":"https:\/\/scanbet.com.pl\/en\/#website","url":"https:\/\/scanbet.com.pl\/en\/","name":"SCANBET Sp\u00f3\u0142ka z o. o.","description":"Przedsi\u0119biorstwo Budowlano-Monta\u017cowe","potentialAction":[{"@type":"SearchAction","target":{"@type":"EntryPoint","urlTemplate":"https:\/\/scanbet.com.pl\/en\/?s={search_term_string}"},"query-input":"required name=search_term_string"}],"inLanguage":"en-US"}]}},"_links":{"self":[{"href":"https:\/\/scanbet.com.pl\/en\/wp-json\/wp\/v2\/pages\/5445","targetHints":{"allow":["GET"]}}],"collection":[{"href":"https:\/\/scanbet.com.pl\/en\/wp-json\/wp\/v2\/pages"}],"about":[{"href":"https:\/\/scanbet.com.pl\/en\/wp-json\/wp\/v2\/types\/page"}],"author":[{"embeddable":true,"href":"https:\/\/scanbet.com.pl\/en\/wp-json\/wp\/v2\/users\/1"}],"replies":[{"embeddable":true,"href":"https:\/\/scanbet.com.pl\/en\/wp-json\/wp\/v2\/comments?post=5445"}],"version-history":[{"count":1,"href":"https:\/\/scanbet.com.pl\/en\/wp-json\/wp\/v2\/pages\/5445\/revisions"}],"predecessor-version":[{"id":5448,"href":"https:\/\/scanbet.com.pl\/en\/wp-json\/wp\/v2\/pages\/5445\/revisions\/5448"}],"wp:attachment":[{"href":"https:\/\/scanbet.com.pl\/en\/wp-json\/wp\/v2\/media?parent=5445"}],"curies":[{"name":"wp","href":"https:\/\/api.w.org\/{rel}","templated":true}]}}